{"id":2711,"date":"2025-07-31T07:08:18","date_gmt":"2025-07-31T07:08:18","guid":{"rendered":"https:\/\/suedharz-urlaub.de\/feedback-over-toegankelijkheid\/"},"modified":"2026-01-29T12:12:18","modified_gmt":"2026-01-29T12:12:18","slug":"feedback-over-toegankelijkheid","status":"publish","type":"page","link":"https:\/\/suedharz-urlaub.de\/nl\/feedback-over-toegankelijkheid\/","title":{"rendered":"Feedback over toegankelijkheid"},"content":{"rendered":"\t\t<div data-elementor-type=\"wp-page\" data-elementor-id=\"2711\" class=\"elementor elementor-2711 elementor-1456\" data-elementor-post-type=\"page\">\n\t\t\t\t\t\t<section class=\"elementor-section elementor-top-section elementor-element elementor-element-748fc0c9 elementor-section-full_width elementor-section-height-default elementor-section-height-default\" data-id=\"748fc0c9\" data-element_type=\"section\" data-e-type=\"section\">\n\t\t\t\t\t\t<div class=\"elementor-container elementor-column-gap-default\">\n\t\t\t\t\t<div class=\"elementor-column elementor-col-100 elementor-top-column elementor-element elementor-element-6e49c09b\" data-id=\"6e49c09b\" data-element_type=\"column\" data-e-type=\"column\">\n\t\t\t<div class=\"elementor-widget-wrap elementor-element-populated\">\n\t\t\t\t<div class=\"elementor-element elementor-element-73d742b e-con-full e-flex e-con e-parent\" data-id=\"73d742b\" data-element_type=\"container\" data-e-type=\"container\" data-settings=\"{&quot;background_background&quot;:&quot;classic&quot;}\">\n\t\t<div class=\"elementor-element elementor-element-1133976 e-con-full e-flex e-con e-child\" data-id=\"1133976\" data-element_type=\"container\" data-e-type=\"container\" data-settings=\"{&quot;background_background&quot;:&quot;classic&quot;}\">\n\t\t\t\t<div class=\"elementor-element elementor-element-6ac965c elementor-grid-1 elementor-widget__width-auto elementor-fixed elementor-hidden-desktop elementor-hidden-tablet elementor-hidden-mobile elementor-shape-rounded e-grid-align-center elementor-widget elementor-widget-social-icons\" data-id=\"6ac965c\" data-element_type=\"widget\" data-e-type=\"widget\" data-settings=\"{&quot;_position&quot;:&quot;fixed&quot;}\" data-widget_type=\"social-icons.default\">\n\t\t\t\t<div class=\"elementor-widget-container\">\n\t\t\t\t\t\t\t<div class=\"elementor-social-icons-wrapper elementor-grid\" role=\"list\">\n\t\t\t\t\t\t\t<span class=\"elementor-grid-item\" role=\"listitem\">\n\t\t\t\t\t<a class=\"elementor-icon elementor-social-icon elementor-social-icon-facebook elementor-animation-grow elementor-repeater-item-902d5c1\" target=\"_blank\">\n\t\t\t\t\t\t<span class=\"elementor-screen-only\">Facebook<\/span>\n\t\t\t\t\t\t<i aria-hidden=\"true\" class=\"fab fa-facebook\"><\/i>\t\t\t\t\t<\/a>\n\t\t\t\t<\/span>\n\t\t\t\t\t\t\t<span class=\"elementor-grid-item\" role=\"listitem\">\n\t\t\t\t\t<a class=\"elementor-icon elementor-social-icon elementor-social-icon-twitter elementor-animation-grow elementor-repeater-item-fb6f328\" target=\"_blank\">\n\t\t\t\t\t\t<span class=\"elementor-screen-only\">Twitter<\/span>\n\t\t\t\t\t\t<i aria-hidden=\"true\" class=\"fab fa-twitter\"><\/i>\t\t\t\t\t<\/a>\n\t\t\t\t<\/span>\n\t\t\t\t\t\t\t<span class=\"elementor-grid-item\" role=\"listitem\">\n\t\t\t\t\t<a class=\"elementor-icon elementor-social-icon elementor-social-icon-youtube elementor-animation-grow elementor-repeater-item-bbd7dda\" target=\"_blank\">\n\t\t\t\t\t\t<span class=\"elementor-screen-only\">Youtube<\/span>\n\t\t\t\t\t\t<i aria-hidden=\"true\" class=\"fab fa-youtube\"><\/i>\t\t\t\t\t<\/a>\n\t\t\t\t<\/span>\n\t\t\t\t\t<\/div>\n\t\t\t\t\t\t<\/div>\n\t\t\t\t<\/div>\n\t\t\t\t<\/div>\n\t\t\t\t<\/div>\n\t\t\t\t\t<\/div>\n\t\t<\/div>\n\t\t\t\t\t<\/div>\n\t\t<\/section>\n\t\t\t\t<section class=\"elementor-section elementor-top-section elementor-element elementor-element-755cb171 elementor-section-boxed elementor-section-height-default elementor-section-height-default\" data-id=\"755cb171\" data-element_type=\"section\" data-e-type=\"section\">\n\t\t\t\t\t\t<div class=\"elementor-container elementor-column-gap-default\">\n\t\t\t\t\t<div class=\"elementor-column elementor-col-100 elementor-top-column elementor-element elementor-element-7ce4c241\" data-id=\"7ce4c241\" data-element_type=\"column\" data-e-type=\"column\">\n\t\t\t<div class=\"elementor-widget-wrap elementor-element-populated\">\n\t\t\t\t\t\t<div class=\"elementor-element elementor-element-b862c2 elementor-widget elementor-widget-gva-heading-block\" data-id=\"b862c2\" data-element_type=\"widget\" data-e-type=\"widget\" data-widget_type=\"gva-heading-block.default\">\n\t\t\t\t<div class=\"elementor-widget-container\">\n\t\t\t\t\t<div class=\"gva-element-gva-heading-block gva-element\">   <div class=\"align-center style-1 widget gsc-heading box-align-left auto-responsive\">\r\n      <div class=\"content-inner\">\r\n         \r\n                  \r\n           \r\n         \r\n                     <h1 class=\"title\">\r\n               <span>Barriere melden\n<\/span>\r\n            <\/h1>\r\n                  \r\n         \r\n         \r\n      <\/div>\r\n   <\/div>\r\n<\/div>\t\t\t\t<\/div>\n\t\t\t\t<\/div>\n\t\t\t\t\t<\/div>\n\t\t<\/div>\n\t\t\t\t\t<\/div>\n\t\t<\/section>\n\t\t\t\t<section class=\"elementor-section elementor-top-section elementor-element elementor-element-7dc7a0f7 elementor-section-boxed elementor-section-height-default elementor-section-height-default\" data-id=\"7dc7a0f7\" data-element_type=\"section\" data-e-type=\"section\">\n\t\t\t\t\t\t<div class=\"elementor-container elementor-column-gap-default\">\n\t\t\t\t\t<div class=\"elementor-column elementor-col-100 elementor-top-column elementor-element elementor-element-575d999c\" data-id=\"575d999c\" data-element_type=\"column\" data-e-type=\"column\">\n\t\t\t<div class=\"elementor-widget-wrap elementor-element-populated\">\n\t\t\t\t\t\t<div class=\"elementor-element elementor-element-3717e90a elementor-widget__width-initial elementor-widget elementor-widget-text-editor\" data-id=\"3717e90a\" data-element_type=\"widget\" data-e-type=\"widget\" data-widget_type=\"text-editor.default\">\n\t\t\t\t<div class=\"elementor-widget-container\">\n\t\t\t\t\t\t\t\t\t<p dir=\"auto\">Wij streven ernaar om onze website <a href=\"http:\/\/suedharz-urlaub.de\">suedharz-urlaub.de<\/a> barri\u00e8revrij en toegankelijk te maken voor alle gebruikers in overeenstemming met de Wet Barri\u00e8revrije Versterking (BFSG) en de Web Content Accessibility Guidelines (WCAG) 2.1 AA. Als u barri\u00e8res op onze website opmerkt die nog niet in onze <a href=\"https:\/\/suedharz-urlaub.de\/nl\/toegankelijkheid\/\">toegankelijkheidsverklaring<\/a> staan vermeld, laat het ons dan weten via onderstaand formulier. <\/p><p dir=\"auto\">Dit contactformulier komt overeen met de mogelijkheid om elektronisch contact met ons op te nemen in overeenstemming met \u00a7 12 BFSG om bestaande belemmeringen op <a href=\"http:\/\/suedharz-urlaub.de\">suedharz-urlaub.de<\/a> te melden (feedbackmechanisme). Uw feedback helpt ons om de toegankelijkheid van onze website voortdurend te verbeteren. <\/p><p dir=\"auto\">Gebruik dit formulier uitsluitend voor het melden van toegankelijkheidsproblemen op <a href=\"http:\/\/suedharz-urlaub.de\">suedharz-urlaub.de.<\/a> Gebruik voor andere problemen ons algemene <strong>contactformulier <\/strong>. <\/p><h2 dir=\"auto\" style=\"text-align: center\">Feedbackformulier<\/h2><p dir=\"auto\">Vul alle verplichte velden in en beschrijf de belemmering zo nauwkeurig mogelijk, bijvoorbeeld welke pagina of functie is getroffen. Voer een e-mailadres in zodat we u kunnen antwoorden. We zullen uw verzoek binnen 14 dagen behandelen.  <\/p><p dir=\"auto\">Uw gegevens worden alleen gebruikt om uw feedback te verwerken en worden verwerkt in overeenstemming met ons <a href=\"https:\/\/suedharz-urlaub.de\/nl\/gegevensbescherming\/\"><span style=\"text-decoration: underline\">privacybeleid<\/span> <\/a>verwerkt.<\/p>\t\t\t\t\t\t\t\t<\/div>\n\t\t\t\t<\/div>\n\t\t\t\t\t<\/div>\n\t\t<\/div>\n\t\t\t\t\t<\/div>\n\t\t<\/section>\n\t\t\t\t<section class=\"elementor-section elementor-top-section elementor-element elementor-element-ed020c1 elementor-section-boxed elementor-section-height-default elementor-section-height-default\" data-id=\"ed020c1\" data-element_type=\"section\" data-e-type=\"section\">\n\t\t\t\t\t\t<div class=\"elementor-container elementor-column-gap-default\">\n\t\t\t\t\t<div class=\"elementor-column elementor-col-100 elementor-top-column elementor-element elementor-element-27d6db9\" data-id=\"27d6db9\" data-element_type=\"column\" data-e-type=\"column\">\n\t\t\t<div class=\"elementor-widget-wrap elementor-element-populated\">\n\t\t\t\t\t\t<div class=\"elementor-element elementor-element-ca98ce8 elementor-widget elementor-widget-shortcode\" data-id=\"ca98ce8\" data-element_type=\"widget\" data-e-type=\"widget\" data-widget_type=\"shortcode.default\">\n\t\t\t\t<div class=\"elementor-widget-container\">\n\t\t\t\t\t\t\t<div class=\"elementor-shortcode\"><p class=\"wpcf7-contact-form-not-found\"><strong>Fout:<\/strong> Contact formulier niet gevonden.<\/p><\/div>\n\t\t\t\t\t\t<\/div>\n\t\t\t\t<\/div>\n\t\t\t\t\t<\/div>\n\t\t<\/div>\n\t\t\t\t\t<\/div>\n\t\t<\/section>\n\t\t\t\t<\/div>\n\t\t","protected":false},"excerpt":{"rendered":"<p>Facebook Twitter Youtube Barriere melden Wij streven ernaar om onze website suedharz-urlaub.de barri\u00e8revrij en toegankelijk te maken voor alle gebruikers in overeenstemming met de Wet Barri\u00e8revrije Versterking (BFSG) en de Web Content Accessibility Guidelines (WCAG) 2.1 AA. Als u barri\u00e8res op onze website opmerkt die nog niet in onze toegankelijkheidsverklaring staan vermeld, laat het ons [&hellip;]<\/p>\n","protected":false},"author":4,"featured_media":1123,"parent":0,"menu_order":0,"comment_status":"closed","ping_status":"closed","template":"","meta":{"_acf_changed":false,"footnotes":""},"class_list":["post-2711","page","type-page","status-publish","has-post-thumbnail","hentry"],"acf":[],"yoast_head":"<!-- This site is optimized with the Yoast SEO plugin v26.1.1 - https:\/\/yoast.com\/wordpress\/plugins\/seo\/ -->\n<title>Feedback over toegankelijkheid - Urlaub im S\u00fcdharz<\/title>\n<meta name=\"description\" content=\"Hier kun je ons feedback geven over de toegankelijkheid van de suedharz.urlaub.de website of belemmeringen melden.\" \/>\n<meta name=\"robots\" content=\"index, follow, max-snippet:-1, max-image-preview:large, max-video-preview:-1\" \/>\n<link rel=\"canonical\" href=\"https:\/\/suedharz-urlaub.de\/nl\/feedback-over-toegankelijkheid\/\" \/>\n<meta property=\"og:locale\" content=\"nl_NL\" \/>\n<meta property=\"og:type\" content=\"article\" \/>\n<meta property=\"og:title\" content=\"Feedback over toegankelijkheid - Urlaub im S\u00fcdharz\" \/>\n<meta property=\"og:description\" content=\"Hier kun je ons feedback geven over de toegankelijkheid van de suedharz.urlaub.de website of belemmeringen melden.\" \/>\n<meta property=\"og:url\" content=\"https:\/\/suedharz-urlaub.de\/nl\/feedback-over-toegankelijkheid\/\" \/>\n<meta property=\"og:site_name\" content=\"Urlaub im S\u00fcdharz\" \/>\n<meta property=\"article:modified_time\" content=\"2026-01-29T12:12:18+00:00\" \/>\n<meta property=\"og:image\" content=\"https:\/\/suedharz-urlaub.de\/wp-content\/uploads\/2025\/07\/BSA_Header_Wandern\u00a9A_B_C_stock.adobe_250718964.jpg\" \/>\n\t<meta property=\"og:image:width\" content=\"1920\" \/>\n\t<meta property=\"og:image:height\" content=\"540\" \/>\n\t<meta property=\"og:image:type\" content=\"image\/jpeg\" \/>\n<meta name=\"twitter:card\" content=\"summary_large_image\" \/>\n<meta name=\"twitter:label1\" content=\"Geschatte leestijd\" \/>\n\t<meta name=\"twitter:data1\" content=\"1 minuut\" \/>\n<script type=\"application\/ld+json\" class=\"yoast-schema-graph\">{\"@context\":\"https:\/\/schema.org\",\"@graph\":[{\"@type\":\"WebPage\",\"@id\":\"https:\/\/suedharz-urlaub.de\/nl\/feedback-over-toegankelijkheid\/\",\"url\":\"https:\/\/suedharz-urlaub.de\/nl\/feedback-over-toegankelijkheid\/\",\"name\":\"Feedback over toegankelijkheid - Urlaub im S\u00fcdharz\",\"isPartOf\":{\"@id\":\"https:\/\/suedharz-urlaub.de\/nl\/#website\"},\"primaryImageOfPage\":{\"@id\":\"https:\/\/suedharz-urlaub.de\/nl\/feedback-over-toegankelijkheid\/#primaryimage\"},\"image\":{\"@id\":\"https:\/\/suedharz-urlaub.de\/nl\/feedback-over-toegankelijkheid\/#primaryimage\"},\"thumbnailUrl\":\"https:\/\/suedharz-urlaub.de\/wp-content\/uploads\/2025\/07\/BSA_Header_Wandern\u00a9A_B_C_stock.adobe_250718964.jpg\",\"datePublished\":\"2025-07-31T07:08:18+00:00\",\"dateModified\":\"2026-01-29T12:12:18+00:00\",\"description\":\"Hier kun je ons feedback geven over de toegankelijkheid van de suedharz.urlaub.de website of belemmeringen melden.\",\"breadcrumb\":{\"@id\":\"https:\/\/suedharz-urlaub.de\/nl\/feedback-over-toegankelijkheid\/#breadcrumb\"},\"inLanguage\":\"nl-NL\",\"potentialAction\":[{\"@type\":\"ReadAction\",\"target\":[\"https:\/\/suedharz-urlaub.de\/nl\/feedback-over-toegankelijkheid\/\"]}]},{\"@type\":\"ImageObject\",\"inLanguage\":\"nl-NL\",\"@id\":\"https:\/\/suedharz-urlaub.de\/nl\/feedback-over-toegankelijkheid\/#primaryimage\",\"url\":\"https:\/\/suedharz-urlaub.de\/wp-content\/uploads\/2025\/07\/BSA_Header_Wandern\u00a9A_B_C_stock.adobe_250718964.jpg\",\"contentUrl\":\"https:\/\/suedharz-urlaub.de\/wp-content\/uploads\/2025\/07\/BSA_Header_Wandern\u00a9A_B_C_stock.adobe_250718964.jpg\",\"width\":1920,\"height\":540,\"caption\":\"\u00a9A_B_C_stock.adobe.com_250718964\"},{\"@type\":\"BreadcrumbList\",\"@id\":\"https:\/\/suedharz-urlaub.de\/nl\/feedback-over-toegankelijkheid\/#breadcrumb\",\"itemListElement\":[{\"@type\":\"ListItem\",\"position\":1,\"name\":\"Startseite\",\"item\":\"https:\/\/suedharz-urlaub.de\/nl\/home\/\"},{\"@type\":\"ListItem\",\"position\":2,\"name\":\"Feedback over toegankelijkheid\"}]},{\"@type\":\"WebSite\",\"@id\":\"https:\/\/suedharz-urlaub.de\/nl\/#website\",\"url\":\"https:\/\/suedharz-urlaub.de\/nl\/\",\"name\":\"Urlaub im S\u00fcdharz\",\"description\":\"Entspannung und Abenteuer in einzigartiger Natur\",\"publisher\":{\"@id\":\"https:\/\/suedharz-urlaub.de\/nl\/#organization\"},\"potentialAction\":[{\"@type\":\"SearchAction\",\"target\":{\"@type\":\"EntryPoint\",\"urlTemplate\":\"https:\/\/suedharz-urlaub.de\/nl\/?s={search_term_string}\"},\"query-input\":{\"@type\":\"PropertyValueSpecification\",\"valueRequired\":true,\"valueName\":\"search_term_string\"}}],\"inLanguage\":\"nl-NL\"},{\"@type\":\"Organization\",\"@id\":\"https:\/\/suedharz-urlaub.de\/nl\/#organization\",\"name\":\"Urlaub im S\u00fcdharz\",\"url\":\"https:\/\/suedharz-urlaub.de\/nl\/\",\"logo\":{\"@type\":\"ImageObject\",\"inLanguage\":\"nl-NL\",\"@id\":\"https:\/\/suedharz-urlaub.de\/nl\/#\/schema\/logo\/image\/\",\"url\":\"https:\/\/suedharz-urlaub.de\/wp-content\/uploads\/2025\/02\/Logo_Suedharz_bb-002.jpg\",\"contentUrl\":\"https:\/\/suedharz-urlaub.de\/wp-content\/uploads\/2025\/02\/Logo_Suedharz_bb-002.jpg\",\"width\":1718,\"height\":317,\"caption\":\"Urlaub im S\u00fcdharz\"},\"image\":{\"@id\":\"https:\/\/suedharz-urlaub.de\/nl\/#\/schema\/logo\/image\/\"}}]}<\/script>\n<!-- \/ Yoast SEO plugin. -->","yoast_head_json":{"title":"Feedback over toegankelijkheid - Urlaub im S\u00fcdharz","description":"Hier kun je ons feedback geven over de toegankelijkheid van de suedharz.urlaub.de website of belemmeringen melden.","robots":{"index":"index","follow":"follow","max-snippet":"max-snippet:-1","max-image-preview":"max-image-preview:large","max-video-preview":"max-video-preview:-1"},"canonical":"https:\/\/suedharz-urlaub.de\/nl\/feedback-over-toegankelijkheid\/","og_locale":"nl_NL","og_type":"article","og_title":"Feedback over toegankelijkheid - Urlaub im S\u00fcdharz","og_description":"Hier kun je ons feedback geven over de toegankelijkheid van de suedharz.urlaub.de website of belemmeringen melden.","og_url":"https:\/\/suedharz-urlaub.de\/nl\/feedback-over-toegankelijkheid\/","og_site_name":"Urlaub im S\u00fcdharz","article_modified_time":"2026-01-29T12:12:18+00:00","og_image":[{"width":1920,"height":540,"url":"https:\/\/suedharz-urlaub.de\/wp-content\/uploads\/2025\/07\/BSA_Header_Wandern\u00a9A_B_C_stock.adobe_250718964.jpg","type":"image\/jpeg"}],"twitter_card":"summary_large_image","twitter_misc":{"Geschatte leestijd":"1 minuut"},"schema":{"@context":"https:\/\/schema.org","@graph":[{"@type":"WebPage","@id":"https:\/\/suedharz-urlaub.de\/nl\/feedback-over-toegankelijkheid\/","url":"https:\/\/suedharz-urlaub.de\/nl\/feedback-over-toegankelijkheid\/","name":"Feedback over toegankelijkheid - Urlaub im S\u00fcdharz","isPartOf":{"@id":"https:\/\/suedharz-urlaub.de\/nl\/#website"},"primaryImageOfPage":{"@id":"https:\/\/suedharz-urlaub.de\/nl\/feedback-over-toegankelijkheid\/#primaryimage"},"image":{"@id":"https:\/\/suedharz-urlaub.de\/nl\/feedback-over-toegankelijkheid\/#primaryimage"},"thumbnailUrl":"https:\/\/suedharz-urlaub.de\/wp-content\/uploads\/2025\/07\/BSA_Header_Wandern\u00a9A_B_C_stock.adobe_250718964.jpg","datePublished":"2025-07-31T07:08:18+00:00","dateModified":"2026-01-29T12:12:18+00:00","description":"Hier kun je ons feedback geven over de toegankelijkheid van de suedharz.urlaub.de website of belemmeringen melden.","breadcrumb":{"@id":"https:\/\/suedharz-urlaub.de\/nl\/feedback-over-toegankelijkheid\/#breadcrumb"},"inLanguage":"nl-NL","potentialAction":[{"@type":"ReadAction","target":["https:\/\/suedharz-urlaub.de\/nl\/feedback-over-toegankelijkheid\/"]}]},{"@type":"ImageObject","inLanguage":"nl-NL","@id":"https:\/\/suedharz-urlaub.de\/nl\/feedback-over-toegankelijkheid\/#primaryimage","url":"https:\/\/suedharz-urlaub.de\/wp-content\/uploads\/2025\/07\/BSA_Header_Wandern\u00a9A_B_C_stock.adobe_250718964.jpg","contentUrl":"https:\/\/suedharz-urlaub.de\/wp-content\/uploads\/2025\/07\/BSA_Header_Wandern\u00a9A_B_C_stock.adobe_250718964.jpg","width":1920,"height":540,"caption":"\u00a9A_B_C_stock.adobe.com_250718964"},{"@type":"BreadcrumbList","@id":"https:\/\/suedharz-urlaub.de\/nl\/feedback-over-toegankelijkheid\/#breadcrumb","itemListElement":[{"@type":"ListItem","position":1,"name":"Startseite","item":"https:\/\/suedharz-urlaub.de\/nl\/home\/"},{"@type":"ListItem","position":2,"name":"Feedback over toegankelijkheid"}]},{"@type":"WebSite","@id":"https:\/\/suedharz-urlaub.de\/nl\/#website","url":"https:\/\/suedharz-urlaub.de\/nl\/","name":"Urlaub im S\u00fcdharz","description":"Entspannung und Abenteuer in einzigartiger Natur","publisher":{"@id":"https:\/\/suedharz-urlaub.de\/nl\/#organization"},"potentialAction":[{"@type":"SearchAction","target":{"@type":"EntryPoint","urlTemplate":"https:\/\/suedharz-urlaub.de\/nl\/?s={search_term_string}"},"query-input":{"@type":"PropertyValueSpecification","valueRequired":true,"valueName":"search_term_string"}}],"inLanguage":"nl-NL"},{"@type":"Organization","@id":"https:\/\/suedharz-urlaub.de\/nl\/#organization","name":"Urlaub im S\u00fcdharz","url":"https:\/\/suedharz-urlaub.de\/nl\/","logo":{"@type":"ImageObject","inLanguage":"nl-NL","@id":"https:\/\/suedharz-urlaub.de\/nl\/#\/schema\/logo\/image\/","url":"https:\/\/suedharz-urlaub.de\/wp-content\/uploads\/2025\/02\/Logo_Suedharz_bb-002.jpg","contentUrl":"https:\/\/suedharz-urlaub.de\/wp-content\/uploads\/2025\/02\/Logo_Suedharz_bb-002.jpg","width":1718,"height":317,"caption":"Urlaub im S\u00fcdharz"},"image":{"@id":"https:\/\/suedharz-urlaub.de\/nl\/#\/schema\/logo\/image\/"}}]}},"_links":{"self":[{"href":"https:\/\/suedharz-urlaub.de\/nl\/wp-json\/wp\/v2\/pages\/2711","targetHints":{"allow":["GET"]}}],"collection":[{"href":"https:\/\/suedharz-urlaub.de\/nl\/wp-json\/wp\/v2\/pages"}],"about":[{"href":"https:\/\/suedharz-urlaub.de\/nl\/wp-json\/wp\/v2\/types\/page"}],"author":[{"embeddable":true,"href":"https:\/\/suedharz-urlaub.de\/nl\/wp-json\/wp\/v2\/users\/4"}],"replies":[{"embeddable":true,"href":"https:\/\/suedharz-urlaub.de\/nl\/wp-json\/wp\/v2\/comments?post=2711"}],"version-history":[{"count":3,"href":"https:\/\/suedharz-urlaub.de\/nl\/wp-json\/wp\/v2\/pages\/2711\/revisions"}],"predecessor-version":[{"id":2723,"href":"https:\/\/suedharz-urlaub.de\/nl\/wp-json\/wp\/v2\/pages\/2711\/revisions\/2723"}],"wp:featuredmedia":[{"embeddable":true,"href":"https:\/\/suedharz-urlaub.de\/nl\/wp-json\/wp\/v2\/media\/1123"}],"wp:attachment":[{"href":"https:\/\/suedharz-urlaub.de\/nl\/wp-json\/wp\/v2\/media?parent=2711"}],"curies":[{"name":"wp","href":"https:\/\/api.w.org\/{rel}","templated":true}]}}